{"id":4251,"date":"2021-09-24T03:17:43","date_gmt":"2021-09-24T06:17:43","guid":{"rendered":"https:\/\/arteegrafite.com.br\/web\/?page_id=4251"},"modified":"2024-08-05T16:37:38","modified_gmt":"2024-08-05T19:37:38","slug":"programacao","status":"publish","type":"page","link":"http:\/\/projetocineecultura.com.br\/web\/programacao\/","title":{"rendered":"Programa\u00e7\u00e3o e Fotos"},"content":{"rendered":"<section class=\"l-section wpb_row height_medium\"><div class=\"l-section-h i-cf\"><div class=\"g-cols via_grid cols_2 laptops-cols_inherit tablets-cols_inherit mobiles-cols_1 valign_top type_default\"><div class=\"wpb_column vc_column_container\"><div class=\"vc_column-inner\"><div class=\"w-ibanner animation_melete ratio_2x1 easing_ease\"><div class=\"w-ibanner-h\"><div class=\"w-ibanner-image\" style=\"background-image: url(http:\/\/projetocineecultura.com.br\/web\/wp-content\/uploads\/2023\/11\/niterra.png)\"><\/div><div class=\"w-ibanner-content\"><div class=\"w-ibanner-content-h\"><h2 class=\"w-ibanner-title\">Programa\u00e7\u00e3o e Fotos<\/h2><div class=\"w-ibanner-desc\"><\/div><\/div><\/div><\/div><a title=\"Niterra\" href=\"http:\/\/projetocineecultura.com.br\/web\/niterra-2\/\" aria-label=\"Programa\u00e7\u00e3o e Fotos\"><\/a><\/div><\/div><\/div><div class=\"wpb_column vc_column_container\"><div class=\"vc_column-inner\"><div class=\"w-ibanner animation_melete ratio_2x1 easing_ease\"><div class=\"w-ibanner-h\"><div class=\"w-ibanner-image\" style=\"background-image: url(http:\/\/projetocineecultura.com.br\/web\/wp-content\/uploads\/2023\/11\/tenneco.png)\"><\/div><div class=\"w-ibanner-content\"><div class=\"w-ibanner-content-h\"><h2 class=\"w-ibanner-title\">Programa\u00e7\u00e3o e Fotos<\/h2><div class=\"w-ibanner-desc\"><\/div><\/div><\/div><\/div><a href=\"https:\/\/projetocineecultura.com.br\/web\/tenneco-2\/\" aria-label=\"Programa\u00e7\u00e3o e Fotos\"><\/a><\/div><\/div><\/div><\/div><\/div><\/section>\n","protected":false},"excerpt":{"rendered":"Programa\u00e7\u00e3o e FotosPrograma\u00e7\u00e3o e Fotos","protected":false},"author":2,"featured_media":0,"parent":0,"menu_order":0,"comment_status":"closed","ping_status":"closed","template":"","meta":{"footnotes":""},"class_list":["post-4251","page","type-page","status-publish","hentry"],"_links":{"self":[{"href":"http:\/\/projetocineecultura.com.br\/web\/wp-json\/wp\/v2\/pages\/4251","targetHints":{"allow":["GET"]}}],"collection":[{"href":"http:\/\/projetocineecultura.com.br\/web\/wp-json\/wp\/v2\/pages"}],"about":[{"href":"http:\/\/projetocineecultura.com.br\/web\/wp-json\/wp\/v2\/types\/page"}],"author":[{"embeddable":true,"href":"http:\/\/projetocineecultura.com.br\/web\/wp-json\/wp\/v2\/users\/2"}],"replies":[{"embeddable":true,"href":"http:\/\/projetocineecultura.com.br\/web\/wp-json\/wp\/v2\/comments?post=4251"}],"version-history":[{"count":38,"href":"http:\/\/projetocineecultura.com.br\/web\/wp-json\/wp\/v2\/pages\/4251\/revisions"}],"predecessor-version":[{"id":5245,"href":"http:\/\/projetocineecultura.com.br\/web\/wp-json\/wp\/v2\/pages\/4251\/revisions\/5245"}],"wp:attachment":[{"href":"http:\/\/projetocineecultura.com.br\/web\/wp-json\/wp\/v2\/media?parent=4251"}],"curies":[{"name":"wp","href":"https:\/\/api.w.org\/{rel}","templated":true}]}}